{"id":15,"date":"2019-09-01T09:14:58","date_gmt":"2019-09-01T09:14:58","guid":{"rendered":"https:\/\/stjernedrys-greve.dk\/?page_id=15"},"modified":"2021-02-23T11:22:12","modified_gmt":"2021-02-23T10:22:12","slug":"om-os","status":"publish","type":"page","link":"https:\/\/stjernedrys-greve.dk\/?page_id=15","title":{"rendered":"OM OS"},"content":{"rendered":"<div class=\"fsn-row full-width-row fsn-69ff6460f2ab6 light\" style=\"background-repeat:repeat;background-position:left top;background-attachment:scroll;background-size:auto;\"><div class=\"container-fluid\"><div class=\"row\"><div class=\"col-sm-12\"><div class=\"fsn-column-inner fsn-69ff6460f2b3e light\"><div class=\"fsn-text fsn-69ff6460f2ba4\">\n<p><span style=\"font-family: verdana, geneva, sans-serif; font-size: 12pt;\">Velkommen til vores Hjemmeside<\/span><\/p>\n<p><span style=\"font-family: verdana, geneva, sans-serif; font-size: 12pt;\">Stjernedrys Greve er en selvst\u00e6ndig forening der<\/span><\/p>\n<p><span style=\"font-family: verdana, geneva, sans-serif; font-size: 12pt;\">blev stiftet i september 2009.<\/span><\/p>\n<p><span style=\"font-family: verdana, geneva, sans-serif; font-size: 12pt;\">Vi er pt. en flok p\u00e5 50 fodbold glade mennesker<\/span><\/p>\n<p><span style=\"font-family: verdana, geneva, sans-serif; font-size: 12pt;\">( Piger\/Drenge og voksne i alle aldre)<\/span><\/p>\n<p><span style=\"font-family: verdana, geneva, sans-serif; font-size: 12pt;\">Alle med generelle indl\u00e6ringsvanskeligheder.<\/span><\/p>\n<p><span style=\"font-family: verdana, geneva, sans-serif; font-size: 12pt;\">For os som for\u00e6ldre og p\u00e5r\u00f8rende, er det altid dejligt at v\u00e6re med b\u00e5de til tr\u00e6ning og st\u00e6vner, da vores unge\/spiller altid lever sig ind i dette med liv og sj\u00e6l.<\/span><\/p>\n<p><span style=\"font-family: verdana, geneva, sans-serif; font-size: 12pt;\">Der bliver k\u00e6mpet om hver en bold, og alle giver sig 110%.<\/span><\/p>\n<p><span style=\"font-family: verdana, geneva, sans-serif; font-size: 12pt;\">Vi for\u00e6ldre og p\u00e5r\u00f8rende hygger os, og hepper p\u00e5 vores spillere, lige som alle andre ville g\u00f8re det. For os alle ( b\u00f8rn som for\u00e6ldre og p\u00e5r\u00f8rende) er det sociale samv\u00e6r ogs\u00e5 en del af Stjernedrys sammenhold.<\/span><\/p>\n<\/div><div class=\"fsn-text fsn-69ff6460f2bb3\">\n<p><span style=\"font-family: verdana, geneva, sans-serif; font-size: 12pt;\">Se Regnskab for 2019 <a href=\"https:\/\/stjernedrys-greve.dk\/wp-content\/uploads\/2020\/02\/Regnskab-2019.pdf\">klik her.<\/a><\/span><\/p>\n<p>&nbsp;<\/p>\n<p><span style=\"font-family: verdana, geneva, sans-serif; font-size: 12pt;\">Se Regnskab for 2020 <a href=\"https:\/\/stjernedrys-greve.dk\/wp-content\/uploads\/2021\/01\/Regnskab-2020-Stjernedrys-Greve-Fodboldklub.pdf\">klik her.<\/a><\/span><\/p>\n<\/div><\/div><\/div><\/div><\/div><\/div>\n","protected":false},"excerpt":{"rendered":"","protected":false},"author":1,"featured_media":0,"parent":0,"menu_order":0,"comment_status":"closed","ping_status":"closed","template":"","meta":{"footnotes":""},"class_list":["post-15","page","type-page","status-publish","hentry"],"_links":{"self":[{"href":"https:\/\/stjernedrys-greve.dk\/index.php?rest_route=\/wp\/v2\/pages\/15","targetHints":{"allow":["GET"]}}],"collection":[{"href":"https:\/\/stjernedrys-greve.dk\/index.php?rest_route=\/wp\/v2\/pages"}],"about":[{"href":"https:\/\/stjernedrys-greve.dk\/index.php?rest_route=\/wp\/v2\/types\/page"}],"author":[{"embeddable":true,"href":"https:\/\/stjernedrys-greve.dk\/index.php?rest_route=\/wp\/v2\/users\/1"}],"replies":[{"embeddable":true,"href":"https:\/\/stjernedrys-greve.dk\/index.php?rest_route=%2Fwp%2Fv2%2Fcomments&post=15"}],"version-history":[{"count":18,"href":"https:\/\/stjernedrys-greve.dk\/index.php?rest_route=\/wp\/v2\/pages\/15\/revisions"}],"predecessor-version":[{"id":405,"href":"https:\/\/stjernedrys-greve.dk\/index.php?rest_route=\/wp\/v2\/pages\/15\/revisions\/405"}],"wp:attachment":[{"href":"https:\/\/stjernedrys-greve.dk\/index.php?rest_route=%2Fwp%2Fv2%2Fmedia&parent=15"}],"curies":[{"name":"wp","href":"https:\/\/api.w.org\/{rel}","templated":true}]}}